{"id":709,"date":"2023-10-27T17:00:17","date_gmt":"2023-10-27T17:00:17","guid":{"rendered":"https:\/\/certification-grana.org\/?page_id=709"},"modified":"2024-02-04T02:00:55","modified_gmt":"2024-02-04T02:00:55","slug":"unsl-argentina-cumple-50-anos-felicidades","status":"publish","type":"page","link":"https:\/\/certification-grana.org\/en\/unsl-argentina-cumple-50-anos-felicidades\/","title":{"rendered":"UNSL Argentina cumple 50 a\u00f1os. \u00a1Felicidades!"},"content":{"rendered":"<div data-elementor-type=\"wp-post\" data-elementor-id=\"709\" class=\"elementor elementor-709\">\n\t\t\t\t<div class=\"elementor-element elementor-element-fdd3ebd e-flex e-con-boxed e-con e-parent\" data-id=\"fdd3ebd\" data-element_type=\"container\" data-e-type=\"container\">\n\t\t\t\t\t<div class=\"e-con-inner\">\n\t\t<div class=\"elementor-element elementor-element-4ed6a01 e-con-full e-flex e-con e-child\" data-id=\"4ed6a01\" data-element_type=\"container\" data-e-type=\"container\">\n\t\t\t\t<div class=\"elementor-element elementor-element-bd2b906 elementor-widget__width-initial elementor-widget elementor-widget-image\" data-id=\"bd2b906\" data-element_type=\"widget\" data-e-type=\"widget\" data-widget_type=\"image.default\">\n\t\t\t\t<div class=\"elementor-widget-container\">\n\t\t\t\t\t\t\t\t\t\t\t\t\t\t\t<img fetchpriority=\"high\" decoding=\"async\" width=\"680\" height=\"408\" src=\"https:\/\/certification-grana.org\/wp-content\/uploads\/2023\/10\/F9X2_shW8AAXw3o.jpeg\" class=\"attachment-large size-large wp-image-713\" alt=\"\" srcset=\"https:\/\/certification-grana.org\/wp-content\/uploads\/2023\/10\/F9X2_shW8AAXw3o.jpeg 680w, https:\/\/certification-grana.org\/wp-content\/uploads\/2023\/10\/F9X2_shW8AAXw3o-300x180.jpeg 300w, https:\/\/certification-grana.org\/wp-content\/uploads\/2023\/10\/F9X2_shW8AAXw3o-18x12.jpeg 18w, https:\/\/certification-grana.org\/wp-content\/uploads\/2023\/10\/F9X2_shW8AAXw3o-243x146.jpeg 243w, https:\/\/certification-grana.org\/wp-content\/uploads\/2023\/10\/F9X2_shW8AAXw3o-50x30.jpeg 50w, https:\/\/certification-grana.org\/wp-content\/uploads\/2023\/10\/F9X2_shW8AAXw3o-125x75.jpeg 125w\" sizes=\"(max-width:767px) 480px, 680px\" \/>\t\t\t\t\t\t\t\t\t\t\t\t\t\t\t<\/div>\n\t\t\t\t<\/div>\n\t\t\t\t<\/div>\n\t\t<div class=\"elementor-element elementor-element-7ec7fb9 e-con-full e-flex e-con e-child\" data-id=\"7ec7fb9\" data-element_type=\"container\" data-e-type=\"container\">\n\t\t\t\t<div class=\"elementor-element elementor-element-5615e24 elementor-widget elementor-widget-text-editor\" data-id=\"5615e24\" data-element_type=\"widget\" data-e-type=\"widget\" data-widget_type=\"text-editor.default\">\n\t\t\t\t<div class=\"elementor-widget-container\">\n\t\t\t\t\t\t\t\t\t<div class=\"x11i5rnm xat24cr x1mh8g0r x1vvkbs xtlvy1s x126k92a\"><h3 dir=\"auto\">Otra felicitaci\u00f3n m\u00e1s a la UANL por ser la quinta universidad posicionada en Argentina por su calidad e impacto social.<\/h3><\/div><div class=\"x11i5rnm xat24cr x1mh8g0r x1vvkbs xtlvy1s x126k92a\"><div dir=\"auto\">As\u00ed mismo, les comparto con agrado que hoy presentamos la segunda edici\u00f3n del libro Generation of Resources for Accreditation in Nations of the America, gracias a la editorial de la Univerdidad Nacional de San Lu\u00eds en Argentina, especialmente a su rector el Dr. V\u00edctor An\u00edbal Mori\u00f1igo, a la Directora de la editorial de la UNSL, y al Dr. Elio Rodolfo Paris\u00ed por su valiosa gesti\u00f3n en este logro y por las aportaciones en sus distintas participaciones como evaluador internacional en nuestra instituci\u00f3n GRANA internacional.<\/div><\/div><div class=\"x11i5rnm xat24cr x1mh8g0r x1vvkbs xtlvy1s x126k92a\"><div dir=\"auto\">Para bajar el libro pueden utilizar este enlace: <a href=\"https:\/\/www.researchgate.net\/publication\/373629555_GRANA\">https:\/\/www.researchgate.net\/publication\/373629555_GRANA<\/a><\/div><\/div>\t\t\t\t\t\t\t\t<\/div>\n\t\t\t\t<\/div>\n\t\t\t\t<\/div>\n\t\t\t\t\t<\/div>\n\t\t\t\t<\/div>\n\t\t<div class=\"elementor-element elementor-element-c8b0f0c e-flex e-con-boxed e-con e-parent\" data-id=\"c8b0f0c\" data-element_type=\"container\" data-e-type=\"container\">\n\t\t\t\t\t<div class=\"e-con-inner\">\n\t\t<div class=\"elementor-element elementor-element-d6dea7d e-con-full e-flex e-con e-child\" data-id=\"d6dea7d\" data-element_type=\"container\" data-e-type=\"container\">\n\t\t\t\t<div class=\"elementor-element elementor-element-6efc70e elementor-widget__width-initial elementor-widget elementor-widget-image\" data-id=\"6efc70e\" data-element_type=\"widget\" data-e-type=\"widget\" data-widget_type=\"image.default\">\n\t\t\t\t<div class=\"elementor-widget-container\">\n\t\t\t\t\t\t\t\t\t\t\t\t\t\t\t<img fetchpriority=\"high\" decoding=\"async\" width=\"680\" height=\"408\" src=\"https:\/\/certification-grana.org\/wp-content\/uploads\/2023\/10\/F9X2_shW8AAXw3o.jpeg\" class=\"attachment-large size-large wp-image-713\" alt=\"\" srcset=\"https:\/\/certification-grana.org\/wp-content\/uploads\/2023\/10\/F9X2_shW8AAXw3o.jpeg 680w, https:\/\/certification-grana.org\/wp-content\/uploads\/2023\/10\/F9X2_shW8AAXw3o-300x180.jpeg 300w, https:\/\/certification-grana.org\/wp-content\/uploads\/2023\/10\/F9X2_shW8AAXw3o-18x12.jpeg 18w, https:\/\/certification-grana.org\/wp-content\/uploads\/2023\/10\/F9X2_shW8AAXw3o-243x146.jpeg 243w, https:\/\/certification-grana.org\/wp-content\/uploads\/2023\/10\/F9X2_shW8AAXw3o-50x30.jpeg 50w, https:\/\/certification-grana.org\/wp-content\/uploads\/2023\/10\/F9X2_shW8AAXw3o-125x75.jpeg 125w\" sizes=\"(max-width:767px) 480px, 680px\" \/>\t\t\t\t\t\t\t\t\t\t\t\t\t\t\t<\/div>\n\t\t\t\t<\/div>\n\t\t\t\t<\/div>\n\t\t<div class=\"elementor-element elementor-element-9645165 e-con-full e-flex e-con e-child\" data-id=\"9645165\" data-element_type=\"container\" data-e-type=\"container\">\n\t\t\t\t<div class=\"elementor-element elementor-element-aaa6fca elementor-widget elementor-widget-text-editor\" data-id=\"aaa6fca\" data-element_type=\"widget\" data-e-type=\"widget\" data-widget_type=\"text-editor.default\">\n\t\t\t\t<div class=\"elementor-widget-container\">\n\t\t\t\t\t\t\t\t\t<div class=\"x11i5rnm xat24cr x1mh8g0r x1vvkbs xtlvy1s x126k92a\"><h3 dir=\"auto\">Otra felicitaci\u00f3n m\u00e1s a la UANL por ser la quinta universidad posicionada en Argentina por su calidad e impacto social.<\/h3><\/div><div class=\"x11i5rnm xat24cr x1mh8g0r x1vvkbs xtlvy1s x126k92a\"><div dir=\"auto\">As\u00ed mismo, les comparto con agrado que hoy presentamos la segunda edici\u00f3n del libro Generation of Resources for Accreditation in Nations of the America, gracias a la editorial de la Univerdidad Nacional de San Lu\u00eds en Argentina, especialmente a su rector el Dr. V\u00edctor An\u00edbal Mori\u00f1igo, a la Directora de la editorial de la UNSL, y al Dr. Elio Rodolfo Paris\u00ed por su valiosa gesti\u00f3n en este logro y por las aportaciones en sus distintas participaciones como evaluador internacional en nuestra instituci\u00f3n GRANA internacional.<\/div><\/div><div class=\"x11i5rnm xat24cr x1mh8g0r x1vvkbs xtlvy1s x126k92a\"><div dir=\"auto\">Para bajar el libro pueden utilizar este enlace: <a href=\"https:\/\/www.researchgate.net\/publication\/373629555_GRANA\">https:\/\/www.researchgate.net\/publication\/373629555_GRANA<\/a><\/div><\/div>\t\t\t\t\t\t\t\t<\/div>\n\t\t\t\t<\/div>\n\t\t\t\t<\/div>\n\t\t\t\t\t<\/div>\n\t\t\t\t<\/div>\n\t\t\t\t<\/div>","protected":false},"excerpt":{"rendered":"<p>Otra felicitaci\u00f3n m\u00e1s a la UANL por ser la quinta universidad posicionada en Argentina por su calidad e impacto social. As\u00ed mismo, les comparto con agrado<span class=\"excerpt-hellip\"> [\u2026]<\/span><\/p>\n","protected":false},"author":1,"featured_media":0,"parent":0,"menu_order":0,"comment_status":"closed","ping_status":"closed","template":"","meta":{"nf_dc_page":"","om_disable_all_campaigns":false,"footnotes":""},"class_list":["post-709","page","type-page","status-publish","hentry"],"yoast_head":"<!-- This site is optimized with the Yoast SEO plugin v27.4 - https:\/\/yoast.com\/product\/yoast-seo-wordpress\/ -->\n<title>UNSL Argentina cumple 50 a\u00f1os. \u00a1Felicidades! - Grana Certification<\/title>\n<meta name=\"robots\" content=\"index, follow, max-snippet:-1, max-image-preview:large, max-video-preview:-1\" \/>\n<link rel=\"canonical\" href=\"https:\/\/certification-grana.org\/en\/unsl-argentina-cumple-50-anos-felicidades\/\" \/>\n<meta property=\"og:locale\" content=\"en_US\" \/>\n<meta property=\"og:type\" content=\"article\" \/>\n<meta property=\"og:title\" content=\"UNSL Argentina cumple 50 a\u00f1os. \u00a1Felicidades! - Grana Certification\" \/>\n<meta property=\"og:description\" content=\"Otra felicitaci\u00f3n m\u00e1s a la UANL por ser la quinta universidad posicionada en Argentina por su calidad e impacto social. As\u00ed mismo, les comparto con agrado [\u2026]\" \/>\n<meta property=\"og:url\" content=\"https:\/\/certification-grana.org\/en\/unsl-argentina-cumple-50-anos-felicidades\/\" \/>\n<meta property=\"og:site_name\" content=\"Grana Certification\" \/>\n<meta property=\"article:modified_time\" content=\"2024-02-04T02:00:55+00:00\" \/>\n<meta property=\"og:image\" content=\"https:\/\/certification-grana.org\/wp-content\/uploads\/2023\/10\/F9X2_shW8AAXw3o.jpeg\" \/>\n<meta name=\"twitter:card\" content=\"summary_large_image\" \/>\n<meta name=\"twitter:label1\" content=\"Est. reading time\" \/>\n\t<meta name=\"twitter:data1\" content=\"2 minutes\" \/>\n<script type=\"application\/ld+json\" class=\"yoast-schema-graph\">{\"@context\":\"https:\\\/\\\/schema.org\",\"@graph\":[{\"@type\":\"WebPage\",\"@id\":\"https:\\\/\\\/certification-grana.org\\\/unsl-argentina-cumple-50-anos-felicidades\\\/\",\"url\":\"https:\\\/\\\/certification-grana.org\\\/unsl-argentina-cumple-50-anos-felicidades\\\/\",\"name\":\"UNSL Argentina cumple 50 a\u00f1os. \u00a1Felicidades! - Grana Certification\",\"isPartOf\":{\"@id\":\"https:\\\/\\\/certification-grana.org\\\/#website\"},\"primaryImageOfPage\":{\"@id\":\"https:\\\/\\\/certification-grana.org\\\/unsl-argentina-cumple-50-anos-felicidades\\\/#primaryimage\"},\"image\":{\"@id\":\"https:\\\/\\\/certification-grana.org\\\/unsl-argentina-cumple-50-anos-felicidades\\\/#primaryimage\"},\"thumbnailUrl\":\"https:\\\/\\\/certification-grana.org\\\/wp-content\\\/uploads\\\/2023\\\/10\\\/F9X2_shW8AAXw3o.jpeg\",\"datePublished\":\"2023-10-27T17:00:17+00:00\",\"dateModified\":\"2024-02-04T02:00:55+00:00\",\"breadcrumb\":{\"@id\":\"https:\\\/\\\/certification-grana.org\\\/unsl-argentina-cumple-50-anos-felicidades\\\/#breadcrumb\"},\"inLanguage\":\"en-US\",\"potentialAction\":[{\"@type\":\"ReadAction\",\"target\":[\"https:\\\/\\\/certification-grana.org\\\/unsl-argentina-cumple-50-anos-felicidades\\\/\"]}]},{\"@type\":\"ImageObject\",\"inLanguage\":\"en-US\",\"@id\":\"https:\\\/\\\/certification-grana.org\\\/unsl-argentina-cumple-50-anos-felicidades\\\/#primaryimage\",\"url\":\"https:\\\/\\\/certification-grana.org\\\/wp-content\\\/uploads\\\/2023\\\/10\\\/F9X2_shW8AAXw3o.jpeg\",\"contentUrl\":\"https:\\\/\\\/certification-grana.org\\\/wp-content\\\/uploads\\\/2023\\\/10\\\/F9X2_shW8AAXw3o.jpeg\"},{\"@type\":\"BreadcrumbList\",\"@id\":\"https:\\\/\\\/certification-grana.org\\\/unsl-argentina-cumple-50-anos-felicidades\\\/#breadcrumb\",\"itemListElement\":[{\"@type\":\"ListItem\",\"position\":1,\"name\":\"Home\",\"item\":\"https:\\\/\\\/certification-grana.org\\\/\"},{\"@type\":\"ListItem\",\"position\":2,\"name\":\"UNSL Argentina cumple 50 a\u00f1os. \u00a1Felicidades!\"}]},{\"@type\":\"WebSite\",\"@id\":\"https:\\\/\\\/certification-grana.org\\\/#website\",\"url\":\"https:\\\/\\\/certification-grana.org\\\/\",\"name\":\"Grana Certification\",\"description\":\"organizaci\u00f3n para la acreditaci\u00f3n internacional y la implementaci\u00f3n de metodolog\u00eda de evaluaci\u00f3n permanente para el mejoramiento de la calidad de la educaci\u00f3n superior.\",\"potentialAction\":[{\"@type\":\"SearchAction\",\"target\":{\"@type\":\"EntryPoint\",\"urlTemplate\":\"https:\\\/\\\/certification-grana.org\\\/?s={search_term_string}\"},\"query-input\":{\"@type\":\"PropertyValueSpecification\",\"valueRequired\":true,\"valueName\":\"search_term_string\"}}],\"inLanguage\":\"en-US\"}]}<\/script>\n<!-- \/ Yoast SEO plugin. -->","yoast_head_json":{"title":"UNSL Argentina cumple 50 a\u00f1os. \u00a1Felicidades! - Grana Certification","robots":{"index":"index","follow":"follow","max-snippet":"max-snippet:-1","max-image-preview":"max-image-preview:large","max-video-preview":"max-video-preview:-1"},"canonical":"https:\/\/certification-grana.org\/en\/unsl-argentina-cumple-50-anos-felicidades\/","og_locale":"en_US","og_type":"article","og_title":"UNSL Argentina cumple 50 a\u00f1os. \u00a1Felicidades! - Grana Certification","og_description":"Otra felicitaci\u00f3n m\u00e1s a la UANL por ser la quinta universidad posicionada en Argentina por su calidad e impacto social. As\u00ed mismo, les comparto con agrado [\u2026]","og_url":"https:\/\/certification-grana.org\/en\/unsl-argentina-cumple-50-anos-felicidades\/","og_site_name":"Grana Certification","article_modified_time":"2024-02-04T02:00:55+00:00","og_image":[{"url":"https:\/\/certification-grana.org\/wp-content\/uploads\/2023\/10\/F9X2_shW8AAXw3o.jpeg","type":"","width":"","height":""}],"twitter_card":"summary_large_image","twitter_misc":{"Est. reading time":"2 minutes"},"schema":{"@context":"https:\/\/schema.org","@graph":[{"@type":"WebPage","@id":"https:\/\/certification-grana.org\/unsl-argentina-cumple-50-anos-felicidades\/","url":"https:\/\/certification-grana.org\/unsl-argentina-cumple-50-anos-felicidades\/","name":"UNSL Argentina cumple 50 a\u00f1os. \u00a1Felicidades! - Grana Certification","isPartOf":{"@id":"https:\/\/certification-grana.org\/#website"},"primaryImageOfPage":{"@id":"https:\/\/certification-grana.org\/unsl-argentina-cumple-50-anos-felicidades\/#primaryimage"},"image":{"@id":"https:\/\/certification-grana.org\/unsl-argentina-cumple-50-anos-felicidades\/#primaryimage"},"thumbnailUrl":"https:\/\/certification-grana.org\/wp-content\/uploads\/2023\/10\/F9X2_shW8AAXw3o.jpeg","datePublished":"2023-10-27T17:00:17+00:00","dateModified":"2024-02-04T02:00:55+00:00","breadcrumb":{"@id":"https:\/\/certification-grana.org\/unsl-argentina-cumple-50-anos-felicidades\/#breadcrumb"},"inLanguage":"en-US","potentialAction":[{"@type":"ReadAction","target":["https:\/\/certification-grana.org\/unsl-argentina-cumple-50-anos-felicidades\/"]}]},{"@type":"ImageObject","inLanguage":"en-US","@id":"https:\/\/certification-grana.org\/unsl-argentina-cumple-50-anos-felicidades\/#primaryimage","url":"https:\/\/certification-grana.org\/wp-content\/uploads\/2023\/10\/F9X2_shW8AAXw3o.jpeg","contentUrl":"https:\/\/certification-grana.org\/wp-content\/uploads\/2023\/10\/F9X2_shW8AAXw3o.jpeg"},{"@type":"BreadcrumbList","@id":"https:\/\/certification-grana.org\/unsl-argentina-cumple-50-anos-felicidades\/#breadcrumb","itemListElement":[{"@type":"ListItem","position":1,"name":"Home","item":"https:\/\/certification-grana.org\/"},{"@type":"ListItem","position":2,"name":"UNSL Argentina cumple 50 a\u00f1os. \u00a1Felicidades!"}]},{"@type":"WebSite","@id":"https:\/\/certification-grana.org\/#website","url":"https:\/\/certification-grana.org\/","name":"Grana Certification","description":"organizaci\u00f3n para la acreditaci\u00f3n internacional y la implementaci\u00f3n de metodolog\u00eda de evaluaci\u00f3n permanente para el mejoramiento de la calidad de la educaci\u00f3n superior.","potentialAction":[{"@type":"SearchAction","target":{"@type":"EntryPoint","urlTemplate":"https:\/\/certification-grana.org\/?s={search_term_string}"},"query-input":{"@type":"PropertyValueSpecification","valueRequired":true,"valueName":"search_term_string"}}],"inLanguage":"en-US"}]}},"rttpg_featured_image_url":null,"rttpg_author":{"display_name":"admin","author_link":"https:\/\/certification-grana.org\/en\/author\/granaadmin\/"},"rttpg_comment":0,"rttpg_category":null,"rttpg_excerpt":"Otra felicitaci\u00f3n m\u00e1s a la UANL por ser la quinta universidad posicionada en Argentina por su calidad e impacto social. As\u00ed mismo, les comparto con agrado [\u2026]","_links":{"self":[{"href":"https:\/\/certification-grana.org\/en\/wp-json\/wp\/v2\/pages\/709","targetHints":{"allow":["GET"]}}],"collection":[{"href":"https:\/\/certification-grana.org\/en\/wp-json\/wp\/v2\/pages"}],"about":[{"href":"https:\/\/certification-grana.org\/en\/wp-json\/wp\/v2\/types\/page"}],"author":[{"embeddable":true,"href":"https:\/\/certification-grana.org\/en\/wp-json\/wp\/v2\/users\/1"}],"replies":[{"embeddable":true,"href":"https:\/\/certification-grana.org\/en\/wp-json\/wp\/v2\/comments?post=709"}],"version-history":[{"count":11,"href":"https:\/\/certification-grana.org\/en\/wp-json\/wp\/v2\/pages\/709\/revisions"}],"predecessor-version":[{"id":767,"href":"https:\/\/certification-grana.org\/en\/wp-json\/wp\/v2\/pages\/709\/revisions\/767"}],"wp:attachment":[{"href":"https:\/\/certification-grana.org\/en\/wp-json\/wp\/v2\/media?parent=709"}],"curies":[{"name":"wp","href":"https:\/\/api.w.org\/{rel}","templated":true}]}}