{"id":768,"date":"2024-02-04T02:03:03","date_gmt":"2024-02-04T02:03:03","guid":{"rendered":"https:\/\/certification-grana.org\/?page_id=768"},"modified":"2024-02-04T02:09:24","modified_gmt":"2024-02-04T02:09:24","slug":"conla_","status":"publish","type":"page","link":"https:\/\/certification-grana.org\/en\/conla_\/","title":{"rendered":"Reconocimiento al Colegio Nacional de licenciados en Administraci\u00f3n de M\u00e9xico"},"content":{"rendered":"<div data-elementor-type=\"wp-post\" data-elementor-id=\"768\" class=\"elementor elementor-768\">\n\t\t\t\t<div class=\"elementor-element elementor-element-fdd3ebd e-flex e-con-boxed e-con e-parent\" data-id=\"fdd3ebd\" data-element_type=\"container\" data-e-type=\"container\">\n\t\t\t\t\t<div class=\"e-con-inner\">\n\t\t<div class=\"elementor-element elementor-element-4ed6a01 e-con-full e-flex e-con e-child\" data-id=\"4ed6a01\" data-element_type=\"container\" data-e-type=\"container\">\n\t\t\t\t<div class=\"elementor-element elementor-element-bd2b906 elementor-widget__width-initial elementor-widget elementor-widget-image\" data-id=\"bd2b906\" data-element_type=\"widget\" data-e-type=\"widget\" data-widget_type=\"image.default\">\n\t\t\t\t<div class=\"elementor-widget-container\">\n\t\t\t\t\t\t\t\t\t\t\t\t\t\t\t<img fetchpriority=\"high\" decoding=\"async\" width=\"1016\" height=\"1024\" src=\"https:\/\/certification-grana.org\/wp-content\/uploads\/2024\/02\/Logo-C-1016x1024.jpg\" class=\"attachment-large size-large wp-image-759\" alt=\"\" srcset=\"https:\/\/certification-grana.org\/wp-content\/uploads\/2024\/02\/Logo-C-1016x1024.jpg 1016w, https:\/\/certification-grana.org\/wp-content\/uploads\/2024\/02\/Logo-C-298x300.jpg 298w, https:\/\/certification-grana.org\/wp-content\/uploads\/2024\/02\/Logo-C-150x150.jpg 150w, https:\/\/certification-grana.org\/wp-content\/uploads\/2024\/02\/Logo-C-768x774.jpg 768w, https:\/\/certification-grana.org\/wp-content\/uploads\/2024\/02\/Logo-C-12x12.jpg 12w, https:\/\/certification-grana.org\/wp-content\/uploads\/2024\/02\/Logo-C-145x146.jpg 145w, https:\/\/certification-grana.org\/wp-content\/uploads\/2024\/02\/Logo-C-50x50.jpg 50w, https:\/\/certification-grana.org\/wp-content\/uploads\/2024\/02\/Logo-C-74x75.jpg 74w, https:\/\/certification-grana.org\/wp-content\/uploads\/2024\/02\/Logo-C-85x85.jpg 85w, https:\/\/certification-grana.org\/wp-content\/uploads\/2024\/02\/Logo-C-80x80.jpg 80w, https:\/\/certification-grana.org\/wp-content\/uploads\/2024\/02\/Logo-C.jpg 1082w\" sizes=\"(max-width:767px) 480px, (max-width:1016px) 100vw, 1016px\" \/>\t\t\t\t\t\t\t\t\t\t\t\t\t\t\t<\/div>\n\t\t\t\t<\/div>\n\t\t\t\t<\/div>\n\t\t<div class=\"elementor-element elementor-element-7ec7fb9 e-con-full e-flex e-con e-child\" data-id=\"7ec7fb9\" data-element_type=\"container\" data-e-type=\"container\">\n\t\t\t\t<div class=\"elementor-element elementor-element-5615e24 elementor-widget elementor-widget-text-editor\" data-id=\"5615e24\" data-element_type=\"widget\" data-e-type=\"widget\" data-widget_type=\"text-editor.default\">\n\t\t\t\t<div class=\"elementor-widget-container\">\n\t\t\t\t\t\t\t\t\t<div class=\"x11i5rnm xat24cr x1mh8g0r x1vvkbs xtlvy1s x126k92a\">\n<h3 dir=\"auto\">Un reconocimiento al Colegio Nacional de licenciados en Administraci\u00f3n de M\u00e9xico<\/h3>\n<\/div>\n<div class=\"x11i5rnm xat24cr x1mh8g0r x1vvkbs xtlvy1s x126k92a\">\n<div dir=\"auto\"><span style=\"color: #e4e6eb; font-family: 'Segoe UI Historic', 'Segoe UI', Helvetica, Arial, sans-serif; font-size: 15px; font-style: normal; font-variant-ligatures: normal; font-variant-caps: normal; font-weight: 400; white-space-collapse: preserve; background-color: #242526;\">(CONLA) el haber concluido la etapa de evaluaci\u00f3n interna de GRANA internacional, el 8 de diciembre de 2023 ser\u00e1n entregados los resultados de la evaluaci\u00f3n externa y certificados internacionales.<\/span><\/div>\n<\/div>\n<div class=\"x11i5rnm xat24cr x1mh8g0r x1vvkbs xtlvy1s x126k92a\">&nbsp;<\/div>\t\t\t\t\t\t\t\t<\/div>\n\t\t\t\t<\/div>\n\t\t\t\t<\/div>\n\t\t\t\t\t<\/div>\n\t\t\t\t<\/div>\n\t\t\t\t<\/div>","protected":false},"excerpt":{"rendered":"<p>Un reconocimiento al Colegio Nacional de licenciados en Administraci\u00f3n de M\u00e9xico (CONLA) el haber concluido la etapa de evaluaci\u00f3n interna de GRANA internacional, el 8 de<span class=\"excerpt-hellip\"> [\u2026]<\/span><\/p>\n","protected":false},"author":1,"featured_media":0,"parent":0,"menu_order":0,"comment_status":"closed","ping_status":"closed","template":"","meta":{"nf_dc_page":"","om_disable_all_campaigns":false,"footnotes":""},"class_list":["post-768","page","type-page","status-publish","hentry"],"yoast_head":"<!-- This site is optimized with the Yoast SEO plugin v27.4 - https:\/\/yoast.com\/product\/yoast-seo-wordpress\/ -->\n<title>Reconocimiento al Colegio Nacional de licenciados en Administraci\u00f3n de M\u00e9xico - Grana Certification<\/title>\n<meta name=\"robots\" content=\"index, follow, max-snippet:-1, max-image-preview:large, max-video-preview:-1\" \/>\n<link rel=\"canonical\" href=\"https:\/\/certification-grana.org\/en\/conla_\/\" \/>\n<meta property=\"og:locale\" content=\"en_US\" \/>\n<meta property=\"og:type\" content=\"article\" \/>\n<meta property=\"og:title\" content=\"Reconocimiento al Colegio Nacional de licenciados en Administraci\u00f3n de M\u00e9xico - Grana Certification\" \/>\n<meta property=\"og:description\" content=\"Un reconocimiento al Colegio Nacional de licenciados en Administraci\u00f3n de M\u00e9xico (CONLA) el haber concluido la etapa de evaluaci\u00f3n interna de GRANA internacional, el 8 de [\u2026]\" \/>\n<meta property=\"og:url\" content=\"https:\/\/certification-grana.org\/en\/conla_\/\" \/>\n<meta property=\"og:site_name\" content=\"Grana Certification\" \/>\n<meta property=\"article:modified_time\" content=\"2024-02-04T02:09:24+00:00\" \/>\n<meta property=\"og:image\" content=\"https:\/\/certification-grana.org\/wp-content\/uploads\/2024\/02\/Logo-C-1016x1024.jpg\" \/>\n<meta name=\"twitter:card\" content=\"summary_large_image\" \/>\n<meta name=\"twitter:label1\" content=\"Est. reading time\" \/>\n\t<meta name=\"twitter:data1\" content=\"1 minute\" \/>\n<script type=\"application\/ld+json\" class=\"yoast-schema-graph\">{\"@context\":\"https:\\\/\\\/schema.org\",\"@graph\":[{\"@type\":\"WebPage\",\"@id\":\"https:\\\/\\\/certification-grana.org\\\/conla_\\\/\",\"url\":\"https:\\\/\\\/certification-grana.org\\\/conla_\\\/\",\"name\":\"Reconocimiento al Colegio Nacional de licenciados en Administraci\u00f3n de M\u00e9xico - Grana Certification\",\"isPartOf\":{\"@id\":\"https:\\\/\\\/certification-grana.org\\\/#website\"},\"primaryImageOfPage\":{\"@id\":\"https:\\\/\\\/certification-grana.org\\\/conla_\\\/#primaryimage\"},\"image\":{\"@id\":\"https:\\\/\\\/certification-grana.org\\\/conla_\\\/#primaryimage\"},\"thumbnailUrl\":\"https:\\\/\\\/certification-grana.org\\\/wp-content\\\/uploads\\\/2024\\\/02\\\/Logo-C-1016x1024.jpg\",\"datePublished\":\"2024-02-04T02:03:03+00:00\",\"dateModified\":\"2024-02-04T02:09:24+00:00\",\"breadcrumb\":{\"@id\":\"https:\\\/\\\/certification-grana.org\\\/conla_\\\/#breadcrumb\"},\"inLanguage\":\"en-US\",\"potentialAction\":[{\"@type\":\"ReadAction\",\"target\":[\"https:\\\/\\\/certification-grana.org\\\/conla_\\\/\"]}]},{\"@type\":\"ImageObject\",\"inLanguage\":\"en-US\",\"@id\":\"https:\\\/\\\/certification-grana.org\\\/conla_\\\/#primaryimage\",\"url\":\"https:\\\/\\\/certification-grana.org\\\/wp-content\\\/uploads\\\/2024\\\/02\\\/Logo-C-1016x1024.jpg\",\"contentUrl\":\"https:\\\/\\\/certification-grana.org\\\/wp-content\\\/uploads\\\/2024\\\/02\\\/Logo-C-1016x1024.jpg\"},{\"@type\":\"BreadcrumbList\",\"@id\":\"https:\\\/\\\/certification-grana.org\\\/conla_\\\/#breadcrumb\",\"itemListElement\":[{\"@type\":\"ListItem\",\"position\":1,\"name\":\"Home\",\"item\":\"https:\\\/\\\/certification-grana.org\\\/\"},{\"@type\":\"ListItem\",\"position\":2,\"name\":\"Reconocimiento al Colegio Nacional de licenciados en Administraci\u00f3n de M\u00e9xico\"}]},{\"@type\":\"WebSite\",\"@id\":\"https:\\\/\\\/certification-grana.org\\\/#website\",\"url\":\"https:\\\/\\\/certification-grana.org\\\/\",\"name\":\"Grana Certification\",\"description\":\"organizaci\u00f3n para la acreditaci\u00f3n internacional y la implementaci\u00f3n de metodolog\u00eda de evaluaci\u00f3n permanente para el mejoramiento de la calidad de la educaci\u00f3n superior.\",\"potentialAction\":[{\"@type\":\"SearchAction\",\"target\":{\"@type\":\"EntryPoint\",\"urlTemplate\":\"https:\\\/\\\/certification-grana.org\\\/?s={search_term_string}\"},\"query-input\":{\"@type\":\"PropertyValueSpecification\",\"valueRequired\":true,\"valueName\":\"search_term_string\"}}],\"inLanguage\":\"en-US\"}]}<\/script>\n<!-- \/ Yoast SEO plugin. -->","yoast_head_json":{"title":"Reconocimiento al Colegio Nacional de licenciados en Administraci\u00f3n de M\u00e9xico - Grana Certification","robots":{"index":"index","follow":"follow","max-snippet":"max-snippet:-1","max-image-preview":"max-image-preview:large","max-video-preview":"max-video-preview:-1"},"canonical":"https:\/\/certification-grana.org\/en\/conla_\/","og_locale":"en_US","og_type":"article","og_title":"Reconocimiento al Colegio Nacional de licenciados en Administraci\u00f3n de M\u00e9xico - Grana Certification","og_description":"Un reconocimiento al Colegio Nacional de licenciados en Administraci\u00f3n de M\u00e9xico (CONLA) el haber concluido la etapa de evaluaci\u00f3n interna de GRANA internacional, el 8 de [\u2026]","og_url":"https:\/\/certification-grana.org\/en\/conla_\/","og_site_name":"Grana Certification","article_modified_time":"2024-02-04T02:09:24+00:00","og_image":[{"url":"https:\/\/certification-grana.org\/wp-content\/uploads\/2024\/02\/Logo-C-1016x1024.jpg","type":"","width":"","height":""}],"twitter_card":"summary_large_image","twitter_misc":{"Est. reading time":"1 minute"},"schema":{"@context":"https:\/\/schema.org","@graph":[{"@type":"WebPage","@id":"https:\/\/certification-grana.org\/conla_\/","url":"https:\/\/certification-grana.org\/conla_\/","name":"Reconocimiento al Colegio Nacional de licenciados en Administraci\u00f3n de M\u00e9xico - Grana Certification","isPartOf":{"@id":"https:\/\/certification-grana.org\/#website"},"primaryImageOfPage":{"@id":"https:\/\/certification-grana.org\/conla_\/#primaryimage"},"image":{"@id":"https:\/\/certification-grana.org\/conla_\/#primaryimage"},"thumbnailUrl":"https:\/\/certification-grana.org\/wp-content\/uploads\/2024\/02\/Logo-C-1016x1024.jpg","datePublished":"2024-02-04T02:03:03+00:00","dateModified":"2024-02-04T02:09:24+00:00","breadcrumb":{"@id":"https:\/\/certification-grana.org\/conla_\/#breadcrumb"},"inLanguage":"en-US","potentialAction":[{"@type":"ReadAction","target":["https:\/\/certification-grana.org\/conla_\/"]}]},{"@type":"ImageObject","inLanguage":"en-US","@id":"https:\/\/certification-grana.org\/conla_\/#primaryimage","url":"https:\/\/certification-grana.org\/wp-content\/uploads\/2024\/02\/Logo-C-1016x1024.jpg","contentUrl":"https:\/\/certification-grana.org\/wp-content\/uploads\/2024\/02\/Logo-C-1016x1024.jpg"},{"@type":"BreadcrumbList","@id":"https:\/\/certification-grana.org\/conla_\/#breadcrumb","itemListElement":[{"@type":"ListItem","position":1,"name":"Home","item":"https:\/\/certification-grana.org\/"},{"@type":"ListItem","position":2,"name":"Reconocimiento al Colegio Nacional de licenciados en Administraci\u00f3n de M\u00e9xico"}]},{"@type":"WebSite","@id":"https:\/\/certification-grana.org\/#website","url":"https:\/\/certification-grana.org\/","name":"Grana Certification","description":"organizaci\u00f3n para la acreditaci\u00f3n internacional y la implementaci\u00f3n de metodolog\u00eda de evaluaci\u00f3n permanente para el mejoramiento de la calidad de la educaci\u00f3n superior.","potentialAction":[{"@type":"SearchAction","target":{"@type":"EntryPoint","urlTemplate":"https:\/\/certification-grana.org\/?s={search_term_string}"},"query-input":{"@type":"PropertyValueSpecification","valueRequired":true,"valueName":"search_term_string"}}],"inLanguage":"en-US"}]}},"rttpg_featured_image_url":null,"rttpg_author":{"display_name":"admin","author_link":"https:\/\/certification-grana.org\/en\/author\/granaadmin\/"},"rttpg_comment":0,"rttpg_category":null,"rttpg_excerpt":"Un reconocimiento al Colegio Nacional de licenciados en Administraci\u00f3n de M\u00e9xico (CONLA) el haber concluido la etapa de evaluaci\u00f3n interna de GRANA internacional, el 8 de [\u2026]","_links":{"self":[{"href":"https:\/\/certification-grana.org\/en\/wp-json\/wp\/v2\/pages\/768","targetHints":{"allow":["GET"]}}],"collection":[{"href":"https:\/\/certification-grana.org\/en\/wp-json\/wp\/v2\/pages"}],"about":[{"href":"https:\/\/certification-grana.org\/en\/wp-json\/wp\/v2\/types\/page"}],"author":[{"embeddable":true,"href":"https:\/\/certification-grana.org\/en\/wp-json\/wp\/v2\/users\/1"}],"replies":[{"embeddable":true,"href":"https:\/\/certification-grana.org\/en\/wp-json\/wp\/v2\/comments?post=768"}],"version-history":[{"count":7,"href":"https:\/\/certification-grana.org\/en\/wp-json\/wp\/v2\/pages\/768\/revisions"}],"predecessor-version":[{"id":775,"href":"https:\/\/certification-grana.org\/en\/wp-json\/wp\/v2\/pages\/768\/revisions\/775"}],"wp:attachment":[{"href":"https:\/\/certification-grana.org\/en\/wp-json\/wp\/v2\/media?parent=768"}],"curies":[{"name":"wp","href":"https:\/\/api.w.org\/{rel}","templated":true}]}}