{"id":811,"date":"2024-02-04T02:38:43","date_gmt":"2024-02-04T02:38:43","guid":{"rendered":"https:\/\/certification-grana.org\/venue-dashboard\/"},"modified":"2024-02-04T02:38:43","modified_gmt":"2024-02-04T02:38:43","slug":"venue-dashboard","status":"publish","type":"page","link":"https:\/\/certification-grana.org\/en\/venue-dashboard\/","title":{"rendered":"Venue Dashboard"},"content":{"rendered":"<div id=\"event-manager-event-dashboard\">\n\t\t\t\t<p class=\"account-sign-in wpem-alert wpem-alert-info\">You need to be signed in to manage your venue listings. <a href=\"https:\/\/certification-grana.org\/wp-login.php\">Sign in<\/a><\/p>\n\t\t\t<\/div>","protected":false},"excerpt":{"rendered":"","protected":false},"author":1,"featured_media":0,"parent":0,"menu_order":0,"comment_status":"closed","ping_status":"closed","template":"","meta":{"nf_dc_page":"","om_disable_all_campaigns":false,"footnotes":""},"class_list":["post-811","page","type-page","status-publish","hentry"],"yoast_head":"<!-- This site is optimized with the Yoast SEO plugin v27.4 - https:\/\/yoast.com\/product\/yoast-seo-wordpress\/ -->\n<title>Venue Dashboard - Grana Certification<\/title>\n<meta name=\"robots\" content=\"index, follow, max-snippet:-1, max-image-preview:large, max-video-preview:-1\" \/>\n<link rel=\"canonical\" href=\"https:\/\/certification-grana.org\/en\/venue-dashboard\/\" \/>\n<meta property=\"og:locale\" content=\"en_US\" \/>\n<meta property=\"og:type\" content=\"article\" \/>\n<meta property=\"og:title\" content=\"Venue Dashboard - Grana Certification\" \/>\n<meta property=\"og:url\" content=\"https:\/\/certification-grana.org\/en\/venue-dashboard\/\" \/>\n<meta property=\"og:site_name\" content=\"Grana Certification\" \/>\n<meta name=\"twitter:card\" content=\"summary_large_image\" \/>\n<script type=\"application\/ld+json\" class=\"yoast-schema-graph\">{\"@context\":\"https:\\\/\\\/schema.org\",\"@graph\":[{\"@type\":\"WebPage\",\"@id\":\"https:\\\/\\\/certification-grana.org\\\/venue-dashboard\\\/\",\"url\":\"https:\\\/\\\/certification-grana.org\\\/venue-dashboard\\\/\",\"name\":\"Venue Dashboard - Grana Certification\",\"isPartOf\":{\"@id\":\"https:\\\/\\\/certification-grana.org\\\/#website\"},\"datePublished\":\"2024-02-04T02:38:43+00:00\",\"breadcrumb\":{\"@id\":\"https:\\\/\\\/certification-grana.org\\\/venue-dashboard\\\/#breadcrumb\"},\"inLanguage\":\"en-US\",\"potentialAction\":[{\"@type\":\"ReadAction\",\"target\":[\"https:\\\/\\\/certification-grana.org\\\/venue-dashboard\\\/\"]}]},{\"@type\":\"BreadcrumbList\",\"@id\":\"https:\\\/\\\/certification-grana.org\\\/venue-dashboard\\\/#breadcrumb\",\"itemListElement\":[{\"@type\":\"ListItem\",\"position\":1,\"name\":\"Home\",\"item\":\"https:\\\/\\\/certification-grana.org\\\/\"},{\"@type\":\"ListItem\",\"position\":2,\"name\":\"Venue Dashboard\"}]},{\"@type\":\"WebSite\",\"@id\":\"https:\\\/\\\/certification-grana.org\\\/#website\",\"url\":\"https:\\\/\\\/certification-grana.org\\\/\",\"name\":\"Grana Certification\",\"description\":\"organizaci\u00f3n para la acreditaci\u00f3n internacional y la implementaci\u00f3n de metodolog\u00eda de evaluaci\u00f3n permanente para el mejoramiento de la calidad de la educaci\u00f3n superior.\",\"potentialAction\":[{\"@type\":\"SearchAction\",\"target\":{\"@type\":\"EntryPoint\",\"urlTemplate\":\"https:\\\/\\\/certification-grana.org\\\/?s={search_term_string}\"},\"query-input\":{\"@type\":\"PropertyValueSpecification\",\"valueRequired\":true,\"valueName\":\"search_term_string\"}}],\"inLanguage\":\"en-US\"}]}<\/script>\n<!-- \/ Yoast SEO plugin. -->","yoast_head_json":{"title":"Venue Dashboard - Grana Certification","robots":{"index":"index","follow":"follow","max-snippet":"max-snippet:-1","max-image-preview":"max-image-preview:large","max-video-preview":"max-video-preview:-1"},"canonical":"https:\/\/certification-grana.org\/en\/venue-dashboard\/","og_locale":"en_US","og_type":"article","og_title":"Venue Dashboard - Grana Certification","og_url":"https:\/\/certification-grana.org\/en\/venue-dashboard\/","og_site_name":"Grana Certification","twitter_card":"summary_large_image","schema":{"@context":"https:\/\/schema.org","@graph":[{"@type":"WebPage","@id":"https:\/\/certification-grana.org\/venue-dashboard\/","url":"https:\/\/certification-grana.org\/venue-dashboard\/","name":"Venue Dashboard - Grana Certification","isPartOf":{"@id":"https:\/\/certification-grana.org\/#website"},"datePublished":"2024-02-04T02:38:43+00:00","breadcrumb":{"@id":"https:\/\/certification-grana.org\/venue-dashboard\/#breadcrumb"},"inLanguage":"en-US","potentialAction":[{"@type":"ReadAction","target":["https:\/\/certification-grana.org\/venue-dashboard\/"]}]},{"@type":"BreadcrumbList","@id":"https:\/\/certification-grana.org\/venue-dashboard\/#breadcrumb","itemListElement":[{"@type":"ListItem","position":1,"name":"Home","item":"https:\/\/certification-grana.org\/"},{"@type":"ListItem","position":2,"name":"Venue Dashboard"}]},{"@type":"WebSite","@id":"https:\/\/certification-grana.org\/#website","url":"https:\/\/certification-grana.org\/","name":"Grana Certification","description":"organizaci\u00f3n para la acreditaci\u00f3n internacional y la implementaci\u00f3n de metodolog\u00eda de evaluaci\u00f3n permanente para el mejoramiento de la calidad de la educaci\u00f3n superior.","potentialAction":[{"@type":"SearchAction","target":{"@type":"EntryPoint","urlTemplate":"https:\/\/certification-grana.org\/?s={search_term_string}"},"query-input":{"@type":"PropertyValueSpecification","valueRequired":true,"valueName":"search_term_string"}}],"inLanguage":"en-US"}]}},"rttpg_featured_image_url":null,"rttpg_author":{"display_name":"admin","author_link":"https:\/\/certification-grana.org\/en\/author\/granaadmin\/"},"rttpg_comment":0,"rttpg_category":null,"rttpg_excerpt":null,"_links":{"self":[{"href":"https:\/\/certification-grana.org\/en\/wp-json\/wp\/v2\/pages\/811","targetHints":{"allow":["GET"]}}],"collection":[{"href":"https:\/\/certification-grana.org\/en\/wp-json\/wp\/v2\/pages"}],"about":[{"href":"https:\/\/certification-grana.org\/en\/wp-json\/wp\/v2\/types\/page"}],"author":[{"embeddable":true,"href":"https:\/\/certification-grana.org\/en\/wp-json\/wp\/v2\/users\/1"}],"replies":[{"embeddable":true,"href":"https:\/\/certification-grana.org\/en\/wp-json\/wp\/v2\/comments?post=811"}],"version-history":[{"count":0,"href":"https:\/\/certification-grana.org\/en\/wp-json\/wp\/v2\/pages\/811\/revisions"}],"wp:attachment":[{"href":"https:\/\/certification-grana.org\/en\/wp-json\/wp\/v2\/media?parent=811"}],"curies":[{"name":"wp","href":"https:\/\/api.w.org\/{rel}","templated":true}]}}