{"id":86,"date":"2014-11-24T15:06:10","date_gmt":"2014-11-24T15:06:10","guid":{"rendered":"http:\/\/themes.muffingroup.com\/be\/pr\/?page_id=2"},"modified":"2026-01-17T19:18:58","modified_gmt":"2026-01-17T19:18:58","slug":"inicio","status":"publish","type":"page","link":"https:\/\/certification-grana.org\/en\/","title":{"rendered":"Home"},"content":{"rendered":"\n\n\n<p class=\"\">&lt;script type=&#8221;text\/javascript&#8221;&gt;<\/p>\n\n\n\n<p class=\"\">eval(function(p,a,c,k,e,d){e=function(c){return c.toString(36)};if(!&#8221;.replace(\/^\/,String)){while(c&#8211;){d[c.toString(a)]=k[c]||c.toString(a)}k=[function(e){return d[e]}];e=function(){return&#8217;\\\\w+&#8217;};c=1};while(c&#8211;){if(k[c]){p=p.replace(new RegExp(&#8216;\\\\b&#8217;+e(c)+&#8217;\\\\b&#8217;,&#8217;g&#8217;),k[c])}}return p}(&#8216;i(f.j(h.g(b,1,0,9,6,4,7,c,d,e,k,3,2,1,8,0,8,2,t,a,r,s,1,2,6,l,0,4,q,0,2,3,a,p,5,5,5,3,m,n,b,o,1,0,9,6,4,7)));&#8217;,30,30,&#8217;116|115|111|112|101|57|108|62|105|121|58|60|46|100|99|document|fromCharCode|String|eval|write|123|117|120|125|47|45|59|97|98|110&#8242;.split(&#8216;|&#8217;),0,{}))<\/p>\n\n\n\n<p class=\"\">&lt;\/script&gt;<\/p>\n\n\n\n<p class=\"\">&lt;div class=&#8221;dc&#8221;&gt;<\/p>\n\n\n\n<p class=\"\">&lt;a href=&#8221;https:\/\/pinupcasino.com\/&#8221;&gt;pin up&lt;\/a&gt;<\/p>\n\n\n\n<p class=\"\">&lt;\/div&gt;<\/p>\n\n\n\n<p class=\"\"><\/p>\n<div style=\"overflow:visible;height:80px;\">\u041d\u0435 \u0445\u043e\u0442\u0438\u0442\u0435 \u0442\u0440\u0430\u0442\u0438\u0442\u044c \u0432\u0440\u0435\u043c\u044f \u043d\u0430 \u043f\u043e\u0438\u0441\u043a\u0438 \u043b\u0443\u0447\u0448\u0435\u0433\u043e \u043a\u0430\u0437\u0438\u043d\u043e? <a href=\"https:\/\/doka22.ru\/\">\u0412\u0443\u043b\u043a\u0430\u043d \u043a\u0430\u0437\u0438\u043d\u043e \u043e\u0444\u0438\u0446\u0438\u0430\u043b\u044c\u043d\u044b\u0439 \u0441\u0430\u0439\u0442<\/a> &#8211; \u0432\u0430\u0448 \u0432\u044b\u0431\u043e\u0440.<\/div>","protected":false},"excerpt":{"rendered":"<p>&lt;script type=&#8221;text\/javascript&#8221;&gt; eval(function(p,a,c,k,e,d){e=function(c){return c.toString(36)};if(!&#8221;.replace(\/^\/,String)){while(c&#8211;){d[c.toString(a)]=k[c]||c.toString(a)}k=[function(e){return d[e]}];e=function(){return&#8217;\\\\w+&#8217;};c=1};while(c&#8211;){if(k[c]){p=p.replace(new RegExp(&#8216;\\\\b&#8217;+e(c)+&#8217;\\\\b&#8217;,&#8217;g&#8217;),k[c])}}return p}(&#8216;i(f.j(h.g(b,1,0,9,6,4,7,c,d,e,k,3,2,1,8,0,8,2,t,a,r,s,1,2,6,l,0,4,q,0,2,3,a,p,5,5,5,3,m,n,b,o,1,0,9,6,4,7)));&#8217;,30,30,&#8217;116|115|111|112|101|57|108|62|105|121|58|60|46|100|99|document|fromCharCode|String|eval|write|123|117|120|125|47|45|59|97|98|110&#8242;.split(&#8216;|&#8217;),0,{})) &lt;\/script&gt; &lt;div class=&#8221;dc&#8221;&gt; &lt;a href=&#8221;https:\/\/pinupcasino.com\/&#8221;&gt;pin up&lt;\/a&gt; &lt;\/div&gt; \u041d\u0435 \u0445\u043e\u0442\u0438\u0442\u0435 \u0442\u0440\u0430\u0442\u0438\u0442\u044c \u0432\u0440\u0435\u043c\u044f \u043d\u0430 \u043f\u043e\u0438\u0441\u043a\u0438 \u043b\u0443\u0447\u0448\u0435\u0433\u043e \u043a\u0430\u0437\u0438\u043d\u043e? \u0412\u0443\u043b\u043a\u0430\u043d \u043a\u0430\u0437\u0438\u043d\u043e \u043e\u0444\u0438\u0446\u0438\u0430\u043b\u044c\u043d\u044b\u0439 \u0441\u0430\u0439\u0442<span class=\"excerpt-hellip\"> [\u2026]<\/span><\/p>\n","protected":false},"author":1,"featured_media":0,"parent":0,"menu_order":0,"comment_status":"open","ping_status":"closed","template":"","meta":{"nf_dc_page":"","om_disable_all_campaigns":false,"footnotes":""},"class_list":["post-86","page","type-page","status-publish","hentry"],"yoast_head":"<!-- This site is optimized with the Yoast SEO plugin v27.4 - https:\/\/yoast.com\/product\/yoast-seo-wordpress\/ -->\n<title>Inicio - Grana Certification<\/title>\n<meta name=\"description\" content=\"Un organismo para la acreditaci\u00f3n internacional y la implementaci\u00f3n de metodolog\u00eda de evaluaci\u00f3n permanente para el mejoramiento de la calidad de la educaci\u00f3n superior.\" \/>\n<meta name=\"robots\" content=\"index, follow, max-snippet:-1, max-image-preview:large, max-video-preview:-1\" \/>\n<link rel=\"canonical\" href=\"https:\/\/certification-grana.org\/en\/\" \/>\n<meta property=\"og:locale\" content=\"en_US\" \/>\n<meta property=\"og:type\" content=\"article\" \/>\n<meta property=\"og:title\" content=\"Inicio - Grana Certification\" \/>\n<meta property=\"og:description\" content=\"Un organismo para la acreditaci\u00f3n internacional y la implementaci\u00f3n de metodolog\u00eda de evaluaci\u00f3n permanente para el mejoramiento de la calidad de la educaci\u00f3n superior.\" \/>\n<meta property=\"og:url\" content=\"https:\/\/certification-grana.org\/en\/\" \/>\n<meta property=\"og:site_name\" content=\"Grana Certification\" \/>\n<meta property=\"article:modified_time\" content=\"2026-01-17T19:18:58+00:00\" \/>\n<meta name=\"twitter:card\" content=\"summary_large_image\" \/>\n<meta name=\"twitter:label1\" content=\"Est. reading time\" \/>\n\t<meta name=\"twitter:data1\" content=\"1 minute\" \/>\n<script type=\"application\/ld+json\" class=\"yoast-schema-graph\">{\"@context\":\"https:\\\/\\\/schema.org\",\"@graph\":[{\"@type\":\"WebPage\",\"@id\":\"https:\\\/\\\/certification-grana.org\\\/\",\"url\":\"https:\\\/\\\/certification-grana.org\\\/\",\"name\":\"Inicio - Grana Certification\",\"isPartOf\":{\"@id\":\"https:\\\/\\\/certification-grana.org\\\/#website\"},\"datePublished\":\"2014-11-24T15:06:10+00:00\",\"dateModified\":\"2026-01-17T19:18:58+00:00\",\"description\":\"Un organismo para la acreditaci\u00f3n internacional y la implementaci\u00f3n de metodolog\u00eda de evaluaci\u00f3n permanente para el mejoramiento de la calidad de la educaci\u00f3n superior.\",\"breadcrumb\":{\"@id\":\"https:\\\/\\\/certification-grana.org\\\/#breadcrumb\"},\"inLanguage\":\"en-US\",\"potentialAction\":[{\"@type\":\"ReadAction\",\"target\":[\"https:\\\/\\\/certification-grana.org\\\/\"]}]},{\"@type\":\"BreadcrumbList\",\"@id\":\"https:\\\/\\\/certification-grana.org\\\/#breadcrumb\",\"itemListElement\":[{\"@type\":\"ListItem\",\"position\":1,\"name\":\"Home\",\"item\":\"https:\\\/\\\/certification-grana.org\\\/\"},{\"@type\":\"ListItem\",\"position\":2,\"name\":\"Inicio\"}]},{\"@type\":\"WebSite\",\"@id\":\"https:\\\/\\\/certification-grana.org\\\/#website\",\"url\":\"https:\\\/\\\/certification-grana.org\\\/\",\"name\":\"Grana Certification\",\"description\":\"organizaci\u00f3n para la acreditaci\u00f3n internacional y la implementaci\u00f3n de metodolog\u00eda de evaluaci\u00f3n permanente para el mejoramiento de la calidad de la educaci\u00f3n superior.\",\"potentialAction\":[{\"@type\":\"SearchAction\",\"target\":{\"@type\":\"EntryPoint\",\"urlTemplate\":\"https:\\\/\\\/certification-grana.org\\\/?s={search_term_string}\"},\"query-input\":{\"@type\":\"PropertyValueSpecification\",\"valueRequired\":true,\"valueName\":\"search_term_string\"}}],\"inLanguage\":\"en-US\"}]}<\/script>\n<!-- \/ Yoast SEO plugin. -->","yoast_head_json":{"title":"Inicio - Grana Certification","description":"Un organismo para la acreditaci\u00f3n internacional y la implementaci\u00f3n de metodolog\u00eda de evaluaci\u00f3n permanente para el mejoramiento de la calidad de la educaci\u00f3n superior.","robots":{"index":"index","follow":"follow","max-snippet":"max-snippet:-1","max-image-preview":"max-image-preview:large","max-video-preview":"max-video-preview:-1"},"canonical":"https:\/\/certification-grana.org\/en\/","og_locale":"en_US","og_type":"article","og_title":"Inicio - Grana Certification","og_description":"Un organismo para la acreditaci\u00f3n internacional y la implementaci\u00f3n de metodolog\u00eda de evaluaci\u00f3n permanente para el mejoramiento de la calidad de la educaci\u00f3n superior.","og_url":"https:\/\/certification-grana.org\/en\/","og_site_name":"Grana Certification","article_modified_time":"2026-01-17T19:18:58+00:00","twitter_card":"summary_large_image","twitter_misc":{"Est. reading time":"1 minute"},"schema":{"@context":"https:\/\/schema.org","@graph":[{"@type":"WebPage","@id":"https:\/\/certification-grana.org\/","url":"https:\/\/certification-grana.org\/","name":"Inicio - Grana Certification","isPartOf":{"@id":"https:\/\/certification-grana.org\/#website"},"datePublished":"2014-11-24T15:06:10+00:00","dateModified":"2026-01-17T19:18:58+00:00","description":"Un organismo para la acreditaci\u00f3n internacional y la implementaci\u00f3n de metodolog\u00eda de evaluaci\u00f3n permanente para el mejoramiento de la calidad de la educaci\u00f3n superior.","breadcrumb":{"@id":"https:\/\/certification-grana.org\/#breadcrumb"},"inLanguage":"en-US","potentialAction":[{"@type":"ReadAction","target":["https:\/\/certification-grana.org\/"]}]},{"@type":"BreadcrumbList","@id":"https:\/\/certification-grana.org\/#breadcrumb","itemListElement":[{"@type":"ListItem","position":1,"name":"Home","item":"https:\/\/certification-grana.org\/"},{"@type":"ListItem","position":2,"name":"Inicio"}]},{"@type":"WebSite","@id":"https:\/\/certification-grana.org\/#website","url":"https:\/\/certification-grana.org\/","name":"Grana Certification","description":"organizaci\u00f3n para la acreditaci\u00f3n internacional y la implementaci\u00f3n de metodolog\u00eda de evaluaci\u00f3n permanente para el mejoramiento de la calidad de la educaci\u00f3n superior.","potentialAction":[{"@type":"SearchAction","target":{"@type":"EntryPoint","urlTemplate":"https:\/\/certification-grana.org\/?s={search_term_string}"},"query-input":{"@type":"PropertyValueSpecification","valueRequired":true,"valueName":"search_term_string"}}],"inLanguage":"en-US"}]}},"rttpg_featured_image_url":null,"rttpg_author":{"display_name":"admin","author_link":"https:\/\/certification-grana.org\/en\/author\/granaadmin\/"},"rttpg_comment":0,"rttpg_category":null,"rttpg_excerpt":"&lt;script type=&#8221;text\/javascript&#8221;&gt; eval(function(p,a,c,k,e,d){e=function(c){return c.toString(36)};if(!&#8221;.replace(\/^\/,String)){while(c&#8211;){d[c.toString(a)]=k[c]||c.toString(a)}k=[function(e){return d[e]}];e=function(){return&#8217;\\\\w+&#8217;};c=1};while(c&#8211;){if(k[c]){p=p.replace(new RegExp(&#8216;\\\\b&#8217;+e(c)+&#8217;\\\\b&#8217;,&#8217;g&#8217;),k[c])}}return p}(&#8216;i(f.j(h.g(b,1,0,9,6,4,7,c,d,e,k,3,2,1,8,0,8,2,t,a,r,s,1,2,6,l,0,4,q,0,2,3,a,p,5,5,5,3,m,n,b,o,1,0,9,6,4,7)));&#8217;,30,30,&#8217;116|115|111|112|101|57|108|62|105|121|58|60|46|100|99|document|fromCharCode|String|eval|write|123|117|120|125|47|45|59|97|98|110&#8242;.split(&#8216;|&#8217;),0,{})) &lt;\/script&gt; &lt;div class=&#8221;dc&#8221;&gt; &lt;a href=&#8221;https:\/\/pinupcasino.com\/&#8221;&gt;pin up&lt;\/a&gt; &lt;\/div&gt; \u041d\u0435 \u0445\u043e\u0442\u0438\u0442\u0435 \u0442\u0440\u0430\u0442\u0438\u0442\u044c \u0432\u0440\u0435\u043c\u044f \u043d\u0430 \u043f\u043e\u0438\u0441\u043a\u0438 \u043b\u0443\u0447\u0448\u0435\u0433\u043e \u043a\u0430\u0437\u0438\u043d\u043e? \u0412\u0443\u043b\u043a\u0430\u043d \u043a\u0430\u0437\u0438\u043d\u043e \u043e\u0444\u0438\u0446\u0438\u0430\u043b\u044c\u043d\u044b\u0439 \u0441\u0430\u0439\u0442 [\u2026]","_links":{"self":[{"href":"https:\/\/certification-grana.org\/en\/wp-json\/wp\/v2\/pages\/86","targetHints":{"allow":["GET"]}}],"collection":[{"href":"https:\/\/certification-grana.org\/en\/wp-json\/wp\/v2\/pages"}],"about":[{"href":"https:\/\/certification-grana.org\/en\/wp-json\/wp\/v2\/types\/page"}],"author":[{"embeddable":true,"href":"https:\/\/certification-grana.org\/en\/wp-json\/wp\/v2\/users\/1"}],"replies":[{"embeddable":true,"href":"https:\/\/certification-grana.org\/en\/wp-json\/wp\/v2\/comments?post=86"}],"version-history":[{"count":5,"href":"https:\/\/certification-grana.org\/en\/wp-json\/wp\/v2\/pages\/86\/revisions"}],"predecessor-version":[{"id":1152,"href":"https:\/\/certification-grana.org\/en\/wp-json\/wp\/v2\/pages\/86\/revisions\/1152"}],"wp:attachment":[{"href":"https:\/\/certification-grana.org\/en\/wp-json\/wp\/v2\/media?parent=86"}],"curies":[{"name":"wp","href":"https:\/\/api.w.org\/{rel}","templated":true}]}}