{"id":960,"date":"2024-05-02T15:57:04","date_gmt":"2024-05-02T15:57:04","guid":{"rendered":"https:\/\/certification-grana.org\/?page_id=960"},"modified":"2024-05-02T16:40:56","modified_gmt":"2024-05-02T16:40:56","slug":"evaluadores-externos","status":"publish","type":"page","link":"https:\/\/certification-grana.org\/en\/evaluadores-externos\/","title":{"rendered":"Evaluadores Externos"},"content":{"rendered":"<div class=\"wp-block-columns is-layout-flex wp-container-core-columns-is-layout-9d6595d7 wp-block-columns-is-layout-flex\">\n<div class=\"wp-block-column is-layout-flow wp-block-column-is-layout-flow\" style=\"flex-basis:100%\"><a href=\"https:\/\/certification-grana.org\/wp-content\/uploads\/2024\/05\/CV-Dra-Ippolito-Shepherd.pdf\" class=\"pdfemb-viewer\" style=\"\" data-width=\"max\" data-height=\"max\" data-toolbar=\"bottom\" data-toolbar-fixed=\"off\">CV-Dra-Ippolito-Shepherd<\/a><\/div>\n<\/div>\n\n\n\n<div class=\"wp-block-columns is-layout-flex wp-container-core-columns-is-layout-9d6595d7 wp-block-columns-is-layout-flex\">\n<div class=\"wp-block-column is-layout-flow wp-block-column-is-layout-flow\" style=\"flex-basis:100%\"><a href=\"https:\/\/certification-grana.org\/wp-content\/uploads\/2024\/05\/CV-Alessandra-Bloise-Diana.pdf\" class=\"pdfemb-viewer\" style=\"\" data-width=\"max\" data-height=\"max\" data-toolbar=\"bottom\" data-toolbar-fixed=\"off\">CV-Alessandra-Bloise-Diana<\/a>\n\n<a href=\"https:\/\/certification-grana.org\/wp-content\/uploads\/2024\/05\/CV-Luan-Gomes-Dos-Santos-de-Oliveiro.pdf\" class=\"pdfemb-viewer\" style=\"\" data-width=\"max\" data-height=\"max\" data-toolbar=\"bottom\" data-toolbar-fixed=\"off\">CV-Luan-Gomes-Dos-Santos-de-Oliveiro<\/a>\n\n<a href=\"https:\/\/certification-grana.org\/wp-content\/uploads\/2024\/05\/CV-Miguel-Alejandro-Caro-Ramos.pdf\" class=\"pdfemb-viewer\" style=\"\" data-width=\"max\" data-height=\"max\" data-toolbar=\"bottom\" data-toolbar-fixed=\"off\">CV-Miguel-Alejandro-Caro-Ramos<\/a>\n\n<a href=\"https:\/\/certification-grana.org\/wp-content\/uploads\/2024\/05\/CV-Miguel-Lopez-Melero.pdf\" class=\"pdfemb-viewer\" style=\"\" data-width=\"max\" data-height=\"max\" data-toolbar=\"bottom\" data-toolbar-fixed=\"off\">CV-Miguel-Lopez-Melero<\/a>\n\n<a href=\"https:\/\/certification-grana.org\/wp-content\/uploads\/2024\/05\/CV-Noelia-Suarez.pdf\" class=\"pdfemb-viewer\" style=\"\" data-width=\"max\" data-height=\"max\" data-toolbar=\"bottom\" data-toolbar-fixed=\"off\">CV-Noelia-Suarez<\/a><\/div>\n<\/div>","protected":false},"excerpt":{"rendered":"","protected":false},"author":1,"featured_media":0,"parent":0,"menu_order":0,"comment_status":"closed","ping_status":"closed","template":"","meta":{"nf_dc_page":"","om_disable_all_campaigns":false,"footnotes":""},"class_list":["post-960","page","type-page","status-publish","hentry"],"yoast_head":"<!-- This site is optimized with the Yoast SEO plugin v27.4 - https:\/\/yoast.com\/product\/yoast-seo-wordpress\/ -->\n<title>Evaluadores Externos - Grana Certification<\/title>\n<meta name=\"robots\" content=\"index, follow, max-snippet:-1, max-image-preview:large, max-video-preview:-1\" \/>\n<link rel=\"canonical\" href=\"https:\/\/certification-grana.org\/en\/evaluadores-externos\/\" \/>\n<meta property=\"og:locale\" content=\"en_US\" \/>\n<meta property=\"og:type\" content=\"article\" \/>\n<meta property=\"og:title\" content=\"Evaluadores Externos - Grana Certification\" \/>\n<meta property=\"og:url\" content=\"https:\/\/certification-grana.org\/en\/evaluadores-externos\/\" \/>\n<meta property=\"og:site_name\" content=\"Grana Certification\" \/>\n<meta property=\"article:modified_time\" content=\"2024-05-02T16:40:56+00:00\" \/>\n<meta name=\"twitter:card\" content=\"summary_large_image\" \/>\n<script type=\"application\/ld+json\" class=\"yoast-schema-graph\">{\"@context\":\"https:\\\/\\\/schema.org\",\"@graph\":[{\"@type\":\"WebPage\",\"@id\":\"https:\\\/\\\/certification-grana.org\\\/evaluadores-externos\\\/\",\"url\":\"https:\\\/\\\/certification-grana.org\\\/evaluadores-externos\\\/\",\"name\":\"Evaluadores Externos - Grana Certification\",\"isPartOf\":{\"@id\":\"https:\\\/\\\/certification-grana.org\\\/#website\"},\"datePublished\":\"2024-05-02T15:57:04+00:00\",\"dateModified\":\"2024-05-02T16:40:56+00:00\",\"breadcrumb\":{\"@id\":\"https:\\\/\\\/certification-grana.org\\\/evaluadores-externos\\\/#breadcrumb\"},\"inLanguage\":\"en-US\",\"potentialAction\":[{\"@type\":\"ReadAction\",\"target\":[\"https:\\\/\\\/certification-grana.org\\\/evaluadores-externos\\\/\"]}]},{\"@type\":\"BreadcrumbList\",\"@id\":\"https:\\\/\\\/certification-grana.org\\\/evaluadores-externos\\\/#breadcrumb\",\"itemListElement\":[{\"@type\":\"ListItem\",\"position\":1,\"name\":\"Home\",\"item\":\"https:\\\/\\\/certification-grana.org\\\/\"},{\"@type\":\"ListItem\",\"position\":2,\"name\":\"Evaluadores Externos\"}]},{\"@type\":\"WebSite\",\"@id\":\"https:\\\/\\\/certification-grana.org\\\/#website\",\"url\":\"https:\\\/\\\/certification-grana.org\\\/\",\"name\":\"Grana Certification\",\"description\":\"organizaci\u00f3n para la acreditaci\u00f3n internacional y la implementaci\u00f3n de metodolog\u00eda de evaluaci\u00f3n permanente para el mejoramiento de la calidad de la educaci\u00f3n superior.\",\"potentialAction\":[{\"@type\":\"SearchAction\",\"target\":{\"@type\":\"EntryPoint\",\"urlTemplate\":\"https:\\\/\\\/certification-grana.org\\\/?s={search_term_string}\"},\"query-input\":{\"@type\":\"PropertyValueSpecification\",\"valueRequired\":true,\"valueName\":\"search_term_string\"}}],\"inLanguage\":\"en-US\"}]}<\/script>\n<!-- \/ Yoast SEO plugin. -->","yoast_head_json":{"title":"Evaluadores Externos - Grana Certification","robots":{"index":"index","follow":"follow","max-snippet":"max-snippet:-1","max-image-preview":"max-image-preview:large","max-video-preview":"max-video-preview:-1"},"canonical":"https:\/\/certification-grana.org\/en\/evaluadores-externos\/","og_locale":"en_US","og_type":"article","og_title":"Evaluadores Externos - Grana Certification","og_url":"https:\/\/certification-grana.org\/en\/evaluadores-externos\/","og_site_name":"Grana Certification","article_modified_time":"2024-05-02T16:40:56+00:00","twitter_card":"summary_large_image","schema":{"@context":"https:\/\/schema.org","@graph":[{"@type":"WebPage","@id":"https:\/\/certification-grana.org\/evaluadores-externos\/","url":"https:\/\/certification-grana.org\/evaluadores-externos\/","name":"Evaluadores Externos - Grana Certification","isPartOf":{"@id":"https:\/\/certification-grana.org\/#website"},"datePublished":"2024-05-02T15:57:04+00:00","dateModified":"2024-05-02T16:40:56+00:00","breadcrumb":{"@id":"https:\/\/certification-grana.org\/evaluadores-externos\/#breadcrumb"},"inLanguage":"en-US","potentialAction":[{"@type":"ReadAction","target":["https:\/\/certification-grana.org\/evaluadores-externos\/"]}]},{"@type":"BreadcrumbList","@id":"https:\/\/certification-grana.org\/evaluadores-externos\/#breadcrumb","itemListElement":[{"@type":"ListItem","position":1,"name":"Home","item":"https:\/\/certification-grana.org\/"},{"@type":"ListItem","position":2,"name":"Evaluadores Externos"}]},{"@type":"WebSite","@id":"https:\/\/certification-grana.org\/#website","url":"https:\/\/certification-grana.org\/","name":"Grana Certification","description":"organizaci\u00f3n para la acreditaci\u00f3n internacional y la implementaci\u00f3n de metodolog\u00eda de evaluaci\u00f3n permanente para el mejoramiento de la calidad de la educaci\u00f3n superior.","potentialAction":[{"@type":"SearchAction","target":{"@type":"EntryPoint","urlTemplate":"https:\/\/certification-grana.org\/?s={search_term_string}"},"query-input":{"@type":"PropertyValueSpecification","valueRequired":true,"valueName":"search_term_string"}}],"inLanguage":"en-US"}]}},"rttpg_featured_image_url":null,"rttpg_author":{"display_name":"admin","author_link":"https:\/\/certification-grana.org\/en\/author\/granaadmin\/"},"rttpg_comment":0,"rttpg_category":null,"rttpg_excerpt":null,"_links":{"self":[{"href":"https:\/\/certification-grana.org\/en\/wp-json\/wp\/v2\/pages\/960","targetHints":{"allow":["GET"]}}],"collection":[{"href":"https:\/\/certification-grana.org\/en\/wp-json\/wp\/v2\/pages"}],"about":[{"href":"https:\/\/certification-grana.org\/en\/wp-json\/wp\/v2\/types\/page"}],"author":[{"embeddable":true,"href":"https:\/\/certification-grana.org\/en\/wp-json\/wp\/v2\/users\/1"}],"replies":[{"embeddable":true,"href":"https:\/\/certification-grana.org\/en\/wp-json\/wp\/v2\/comments?post=960"}],"version-history":[{"count":3,"href":"https:\/\/certification-grana.org\/en\/wp-json\/wp\/v2\/pages\/960\/revisions"}],"predecessor-version":[{"id":972,"href":"https:\/\/certification-grana.org\/en\/wp-json\/wp\/v2\/pages\/960\/revisions\/972"}],"wp:attachment":[{"href":"https:\/\/certification-grana.org\/en\/wp-json\/wp\/v2\/media?parent=960"}],"curies":[{"name":"wp","href":"https:\/\/api.w.org\/{rel}","templated":true}]}}